{"id":39,"date":"2023-10-23T09:05:35","date_gmt":"2023-10-23T07:05:35","guid":{"rendered":"http:\/\/ipstecnic.com\/?page_id=39"},"modified":"2024-01-09T10:35:06","modified_gmt":"2024-01-09T09:35:06","slug":"presentacio","status":"publish","type":"page","link":"https:\/\/www.pomararquitectura.com\/es\/presentacio\/","title":{"rendered":"PRESENTACI\u00d3N"},"content":{"rendered":"\t\t<div data-elementor-type=\"wp-page\" data-elementor-id=\"39\" class=\"elementor elementor-39\" data-elementor-post-type=\"page\">\n\t\t\t\t<div class=\"elementor-element elementor-element-fc5d803 e-con-full e-flex e-con e-parent\" data-id=\"fc5d803\" data-element_type=\"container\" data-e-type=\"container\">\n\t\t<div class=\"elementor-element elementor-element-1ca81e4 e-con-full e-flex e-con e-child\" data-id=\"1ca81e4\" data-element_type=\"container\" data-e-type=\"container\">\n\t\t<div class=\"elementor-element elementor-element-fe36123 e-con-full e-flex e-con e-child\" data-id=\"fe36123\" data-element_type=\"container\" data-e-type=\"container\">\n\t\t<div class=\"elementor-element elementor-element-0cbba7d e-con-full e-flex e-con e-child\" data-id=\"0cbba7d\" data-element_type=\"container\" data-e-type=\"container\">\n\t\t\t\t<div class=\"elementor-element elementor-element-efe80fd elementor-widget elementor-widget-image\" data-id=\"efe80fd\" data-element_type=\"widget\" data-e-type=\"widget\" data-widget_type=\"image.default\">\n\t\t\t\t<div class=\"elementor-widget-container\">\n\t\t\t\t\t\t\t\t\t\t\t\t\t\t\t<img decoding=\"async\" width=\"75\" height=\"75\" src=\"https:\/\/www.pomararquitectura.com\/wp-content\/uploads\/2023\/10\/IPSTECNIC-Web.svg\" class=\"attachment-large size-large wp-image-278\" alt=\"\" \/>\t\t\t\t\t\t\t\t\t\t\t\t\t\t\t<\/div>\n\t\t\t\t<\/div>\n\t\t\t\t<\/div>\n\t\t<div class=\"elementor-element elementor-element-b15e46c e-flex e-con-boxed e-con e-child\" data-id=\"b15e46c\" data-element_type=\"container\" data-e-type=\"container\">\n\t\t\t\t\t<div class=\"e-con-inner\">\n\t\t\t\t<div class=\"elementor-element elementor-element-8a89d55 elementor-widget elementor-widget-heading\" data-id=\"8a89d55\" data-element_type=\"widget\" data-e-type=\"widget\" data-widget_type=\"heading.default\">\n\t\t\t\t<div class=\"elementor-widget-container\">\n\t\t\t\t\t<h2 class=\"elementor-heading-title elementor-size-default\">M\u00c9S DE 30 ANYS D'EXPERI\u00c8NCIA<br> EN URBANISME I ARQUITECTURA<\/h2>\t\t\t\t<\/div>\n\t\t\t\t<\/div>\n\t\t\t\t\t<\/div>\n\t\t\t\t<\/div>\n\t\t\t\t<\/div>\n\t\t\t\t<div class=\"elementor-element elementor-element-16c0d09 elementor-widget elementor-widget-text-editor\" data-id=\"16c0d09\" data-element_type=\"widget\" data-e-type=\"widget\" data-widget_type=\"text-editor.default\">\n\t\t\t\t<div class=\"elementor-widget-container\">\n\t\t\t\t\t\t\t\t\t<p style=\"font-weight: 400;\">No descobrim res de nou en l\u2019afirmar que, en un m\u00f3n canviant i per a qualsevol professional, la<strong> formaci\u00f3<\/strong> i l\u2019<strong>aprenentatge<\/strong>, ha de ser i \u00e9s, continuat. Per aquest motiu cada nou <a href=\"\/projectes\">projecte<\/a> arquitect\u00f2nic, per petit que sigui, \u00e9s una nova oportunitat per millorar la capacitat de relacionar necessitats, il\u00b7lusions, prestacions i possibilitats.<\/p><p style=\"font-weight: 400;\">Per assolir els objectius marcats pels nostres clients de forma exitosa, a Pomar Arquitectura aportem l\u2019experi\u00e8ncia\u00a0 acumulada en m\u00e9s de 30 anys d\u2019exercici professional en el camp de l\u2019arquitectura i l\u2019urbanisme.<\/p><p style=\"font-weight: 400;\">Tan important \u00e9s la realitzaci\u00f3 d\u2019un bon projecte com la seva gesti\u00f3. En aquest sentit ens avala tota l\u2019obra realitzada durant aquests anys per a particulars, empreses i Administracions.<\/p><p style=\"font-weight: 400;\">A Pomar Arquitectura gestionem tamb\u00e9 la regularitzaci\u00f3, legalitzaci\u00f3 i valoraci\u00f3 d\u2019immobles, amb l\u2019emissi\u00f3 d\u2019informes i certificats necessaris d\u2019acord amb la legislaci\u00f3 sectorial vigent.<\/p>\t\t\t\t\t\t\t\t<\/div>\n\t\t\t\t<\/div>\n\t\t\t\t<\/div>\n\t\t<div class=\"elementor-element elementor-element-5c9c564 e-con-full e-flex e-con e-child\" data-id=\"5c9c564\" data-element_type=\"container\" data-e-type=\"container\">\n\t\t\t\t<div class=\"elementor-element elementor-element-285a575 elementor-widget elementor-widget-image\" data-id=\"285a575\" data-element_type=\"widget\" data-e-type=\"widget\" data-settings=\"{&quot;motion_fx_motion_fx_scrolling&quot;:&quot;yes&quot;,&quot;motion_fx_translateY_effect&quot;:&quot;yes&quot;,&quot;motion_fx_translateY_speed&quot;:{&quot;unit&quot;:&quot;px&quot;,&quot;size&quot;:1.6,&quot;sizes&quot;:[]},&quot;motion_fx_translateY_direction&quot;:&quot;negative&quot;,&quot;motion_fx_translateY_affectedRange&quot;:{&quot;unit&quot;:&quot;%&quot;,&quot;size&quot;:&quot;&quot;,&quot;sizes&quot;:{&quot;start&quot;:0,&quot;end&quot;:100}},&quot;motion_fx_devices&quot;:[&quot;desktop&quot;,&quot;tablet&quot;,&quot;mobile&quot;]}\" data-widget_type=\"image.default\">\n\t\t\t\t<div class=\"elementor-widget-container\">\n\t\t\t\t\t\t\t\t\t\t\t\t\t\t\t<img decoding=\"async\" width=\"75\" height=\"75\" src=\"https:\/\/www.pomararquitectura.com\/wp-content\/uploads\/2023\/10\/logo-simple.svg\" class=\"attachment-large size-large wp-image-279\" alt=\"\" \/>\t\t\t\t\t\t\t\t\t\t\t\t\t\t\t<\/div>\n\t\t\t\t<\/div>\n\t\t\t\t<\/div>\n\t\t\t\t<\/div>\n\t\t<div class=\"elementor-element elementor-element-04dbd5e e-flex e-con-boxed e-con e-parent\" data-id=\"04dbd5e\" data-element_type=\"container\" data-e-type=\"container\" data-settings=\"{&quot;background_background&quot;:&quot;slideshow&quot;,&quot;background_slideshow_gallery&quot;:[{&quot;id&quot;:352,&quot;url&quot;:&quot;https:\\\/\\\/www.pomararquitectura.com\\\/wp-content\\\/uploads\\\/2023\\\/10\\\/1-5.jpg&quot;},{&quot;id&quot;:353,&quot;url&quot;:&quot;https:\\\/\\\/www.pomararquitectura.com\\\/wp-content\\\/uploads\\\/2023\\\/10\\\/2-5.jpg&quot;}],&quot;background_slideshow_slide_duration&quot;:3000,&quot;background_slideshow_loop&quot;:&quot;yes&quot;,&quot;background_slideshow_slide_transition&quot;:&quot;fade&quot;,&quot;background_slideshow_transition_duration&quot;:500}\">\n\t\t\t\t\t<div class=\"e-con-inner\">\n\t\t\t\t\t<\/div>\n\t\t\t\t<\/div>\n\t\t<div class=\"elementor-element elementor-element-91c1c9b e-flex e-con-boxed e-con e-parent\" data-id=\"91c1c9b\" data-element_type=\"container\" data-e-type=\"container\">\n\t\t\t\t\t<div class=\"e-con-inner\">\n\t\t<div class=\"elementor-element elementor-element-5303858 e-flex e-con-boxed e-con e-child\" data-id=\"5303858\" data-element_type=\"container\" data-e-type=\"container\">\n\t\t\t\t\t<div class=\"e-con-inner\">\n\t\t<div class=\"elementor-element elementor-element-826c22e e-con-full e-flex e-con e-child\" data-id=\"826c22e\" data-element_type=\"container\" data-e-type=\"container\">\n\t\t\t\t<div class=\"elementor-element elementor-element-af2c84f elementor-widget elementor-widget-image\" data-id=\"af2c84f\" data-element_type=\"widget\" data-e-type=\"widget\" data-widget_type=\"image.default\">\n\t\t\t\t<div class=\"elementor-widget-container\">\n\t\t\t\t\t\t\t\t\t\t\t\t\t\t\t<img decoding=\"async\" width=\"75\" height=\"75\" src=\"https:\/\/www.pomararquitectura.com\/wp-content\/uploads\/2023\/10\/IPSTECNIC-Web.svg\" class=\"attachment-large size-large wp-image-278\" alt=\"\" \/>\t\t\t\t\t\t\t\t\t\t\t\t\t\t\t<\/div>\n\t\t\t\t<\/div>\n\t\t\t\t<\/div>\n\t\t<div class=\"elementor-element elementor-element-2d76300 e-flex e-con-boxed e-con e-child\" data-id=\"2d76300\" data-element_type=\"container\" data-e-type=\"container\">\n\t\t\t\t\t<div class=\"e-con-inner\">\n\t\t\t\t<div class=\"elementor-element elementor-element-fe284ef elementor-widget elementor-widget-heading\" data-id=\"fe284ef\" data-element_type=\"widget\" data-e-type=\"widget\" data-widget_type=\"heading.default\">\n\t\t\t\t<div class=\"elementor-widget-container\">\n\t\t\t\t\t<h2 class=\"elementor-heading-title elementor-size-default\">POMAR ARQUITECTURA<\/h2>\t\t\t\t<\/div>\n\t\t\t\t<\/div>\n\t\t\t\t\t<\/div>\n\t\t\t\t<\/div>\n\t\t\t\t\t<\/div>\n\t\t\t\t<\/div>\n\t\t\t\t<div class=\"elementor-element elementor-element-d01ad43 elementor-widget elementor-widget-text-editor\" data-id=\"d01ad43\" data-element_type=\"widget\" data-e-type=\"widget\" data-widget_type=\"text-editor.default\">\n\t\t\t\t<div class=\"elementor-widget-container\">\n\t\t\t\t\t\t\t\t\t<p style=\"font-weight: 400;\">En el camp de l\u2019urbanisme, POMAR ARQUITECTURA s\u2019especialitza en la redacci\u00f3 de planejament derivat i en la seva gesti\u00f3, atenent a les noves corrents que persegueixen la racionalitzaci\u00f3 del\u00a0 consum de s\u00f2l i el grau d\u2019ocupaci\u00f3 en funci\u00f3 del usos previstos, adoptant criteris d\u2019economia urbana i de sostenibilitat de les actuacions, per oferir una millora en la qualitat de vida.<\/p>\t\t\t\t\t\t\t\t<\/div>\n\t\t\t\t<\/div>\n\t\t\t\t\t<\/div>\n\t\t\t\t<\/div>\n\t\t<div class=\"elementor-element elementor-element-16d9363 e-flex e-con-boxed e-con e-parent\" data-id=\"16d9363\" data-element_type=\"container\" data-e-type=\"container\" data-settings=\"{&quot;background_background&quot;:&quot;classic&quot;}\">\n\t\t\t\t\t<div class=\"e-con-inner\">\n\t\t\t\t<div class=\"elementor-element elementor-element-a3523b3 elementor-widget elementor-widget-spacer\" data-id=\"a3523b3\" data-element_type=\"widget\" data-e-type=\"widget\" data-widget_type=\"spacer.default\">\n\t\t\t\t<div class=\"elementor-widget-container\">\n\t\t\t\t\t\t\t<div class=\"elementor-spacer\">\n\t\t\t<div class=\"elementor-spacer-inner\"><\/div>\n\t\t<\/div>\n\t\t\t\t\t\t<\/div>\n\t\t\t\t<\/div>\n\t\t\t\t\t<\/div>\n\t\t\t\t<\/div>\n\t\t<div class=\"elementor-element elementor-element-a09432a e-con-full e-flex e-con e-parent\" data-id=\"a09432a\" data-element_type=\"container\" data-e-type=\"container\">\n\t\t<div class=\"elementor-element elementor-element-9370afe e-con-full e-flex e-con e-child\" data-id=\"9370afe\" data-element_type=\"container\" data-e-type=\"container\">\n\t\t\t\t<div class=\"elementor-element elementor-element-42d8169 elementor-widget elementor-widget-text-editor\" data-id=\"42d8169\" data-element_type=\"widget\" data-e-type=\"widget\" data-widget_type=\"text-editor.default\">\n\t\t\t\t<div class=\"elementor-widget-container\">\n\t\t\t\t\t\t\t\t\t<p style=\"font-weight: 400;\">Tota progressi\u00f3 cal efectuar-la a partir d\u2019unes bases fermes i per aix\u00f2 no queden en l\u2019oblit les directrius dels arquitectes insignes que ens han precedit.<\/p>\t\t\t\t\t\t\t\t<\/div>\n\t\t\t\t<\/div>\n\t\t<div class=\"elementor-element elementor-element-a5df96c e-flex e-con-boxed e-con e-child\" data-id=\"a5df96c\" data-element_type=\"container\" data-e-type=\"container\">\n\t\t\t\t\t<div class=\"e-con-inner\">\n\t\t\t\t<div class=\"elementor-element elementor-element-3514bdb elementor-widget elementor-widget-text-editor\" data-id=\"3514bdb\" data-element_type=\"widget\" data-e-type=\"widget\" data-widget_type=\"text-editor.default\">\n\t\t\t\t<div class=\"elementor-widget-container\">\n\t\t\t\t\t\t\t\t\t<p style=\"font-weight: 400;\">[\u2026] <em>A la comoditat del poble s&#8217;at\u00e9n a la disposici\u00f3 de tots aquells llocs que han de servir per a usos p\u00fablics, com s\u00f3n els ports, les places, els p\u00f2rtics, els banys, els teatres, els passejos i altres llocs semblants que per els mateixos motius es destinen a paratges p\u00fablics; es busca a tots SOLIDESA, UTILITAT i BELLESA. La primera dep\u00e8n de la fermesa dels fonaments, asseguts sobre terreny ferm, sense escatimar despeses i sense regatejar avarament els millors materials que es poden triar. La utilitat resulta de l&#8217;exacta distribuci\u00f3 de les parts de l&#8217;edifici, de manera que res n&#8217;impedeixi l&#8217;\u00fas, abans res cada cosa ha d\u2019estar col\u00b7locada al lloc degut i tingui tot el que li sigui propi i necessari. Finalment, la bellesa en un edifici dep\u00e8n que el seu aspecte sigui agradable i de bon gust per la deguda proporci\u00f3 de totes les parts.<\/em><\/p><p style=\"font-weight: 400;\">\u00a0\u201cELS DEU LLIBRES D\u2019ARQUITECTURA\u201d de Marcus Vitruvius Pollio (Segle I a.C)<\/p>\t\t\t\t\t\t\t\t<\/div>\n\t\t\t\t<\/div>\n\t\t\t\t\t<\/div>\n\t\t\t\t<\/div>\n\t\t\t\t<\/div>\n\t\t<div class=\"elementor-element elementor-element-b9eb6b7 e-con-full e-flex e-con e-child\" data-id=\"b9eb6b7\" data-element_type=\"container\" data-e-type=\"container\">\n\t\t\t\t<div class=\"elementor-element elementor-element-d0492a6 elementor-widget elementor-widget-text-editor\" data-id=\"d0492a6\" data-element_type=\"widget\" data-e-type=\"widget\" data-widget_type=\"text-editor.default\">\n\t\t\t\t<div class=\"elementor-widget-container\">\n\t\t\t\t\t\t\t\t\t<p style=\"font-weight: 400;\">En un m\u00f3n industrialitzat en el que la mec\u00e0nica, la enginyeria i la ci\u00e8ncia dels materials estaven revolucionant l\u2019arquitectura, es consolida un nou moviment que advoca per:<\/p>\t\t\t\t\t\t\t\t<\/div>\n\t\t\t\t<\/div>\n\t\t<div class=\"elementor-element elementor-element-7e6008c e-flex e-con-boxed e-con e-child\" data-id=\"7e6008c\" data-element_type=\"container\" data-e-type=\"container\">\n\t\t\t\t\t<div class=\"e-con-inner\">\n\t\t\t\t<div class=\"elementor-element elementor-element-1cf75bf elementor-widget elementor-widget-text-editor\" data-id=\"1cf75bf\" data-element_type=\"widget\" data-e-type=\"widget\" data-widget_type=\"text-editor.default\">\n\t\t\t\t<div class=\"elementor-widget-container\">\n\t\t\t\t\t\t\t\t\t<p style=\"font-weight: 400;\"><em>La utilitzaci\u00f3 de \u201cpilotis\u201d en el cos estructural de l\u2019edifici en lloc de murs de c\u00e0rrega; espais lliures, flexibles i adaptables als usos i necessitats; coberta plana enjardinada; fa\u00e7anes lliures, amb parts obertes per relacionar millor l\u2019interior amb l\u2019exterior i finestres horitzontals per obrir les vistes i uniformar les il\u00b7luminacions.<\/em><\/p>\n<p style=\"font-weight: 600;\">Principis de l\u2019arquitectura moderna o internacional (Publicats a l\u2019any 1920)<\/p>\n<p style=\"font-weight: 400;\"><em><span style=\"color: #595959;\">Charles E\u0301douard Jeanneret-Gris, Le Corbusier.<\/span><\/em><\/p>\t\t\t\t\t\t\t\t<\/div>\n\t\t\t\t<\/div>\n\t\t\t\t\t<\/div>\n\t\t\t\t<\/div>\n\t\t\t\t<\/div>\n\t\t\t\t<\/div>\n\t\t\t\t<\/div>\n\t\t","protected":false},"excerpt":{"rendered":"<p>M\u00c9S DE 30 ANYS D&#8217;EXPERI\u00c8NCIA EN URBANISME I ARQUITECTURA No descobrim res de nou en l\u2019afirmar que, en un m\u00f3n canviant i per a qualsevol professional, la formaci\u00f3 i l\u2019aprenentatge, ha de ser i \u00e9s, continuat. Per aquest motiu cada nou projecte arquitect\u00f2nic, per petit que sigui, \u00e9s una nova oportunitat per millorar la capacitat [&hellip;]<\/p>\n","protected":false},"author":1,"featured_media":0,"parent":0,"menu_order":0,"comment_status":"closed","ping_status":"closed","template":"","meta":{"footnotes":""},"class_list":["post-39","page","type-page","status-publish","hentry"],"_links":{"self":[{"href":"https:\/\/www.pomararquitectura.com\/es\/wp-json\/wp\/v2\/pages\/39","targetHints":{"allow":["GET"]}}],"collection":[{"href":"https:\/\/www.pomararquitectura.com\/es\/wp-json\/wp\/v2\/pages"}],"about":[{"href":"https:\/\/www.pomararquitectura.com\/es\/wp-json\/wp\/v2\/types\/page"}],"author":[{"embeddable":true,"href":"https:\/\/www.pomararquitectura.com\/es\/wp-json\/wp\/v2\/users\/1"}],"replies":[{"embeddable":true,"href":"https:\/\/www.pomararquitectura.com\/es\/wp-json\/wp\/v2\/comments?post=39"}],"version-history":[{"count":72,"href":"https:\/\/www.pomararquitectura.com\/es\/wp-json\/wp\/v2\/pages\/39\/revisions"}],"predecessor-version":[{"id":503,"href":"https:\/\/www.pomararquitectura.com\/es\/wp-json\/wp\/v2\/pages\/39\/revisions\/503"}],"wp:attachment":[{"href":"https:\/\/www.pomararquitectura.com\/es\/wp-json\/wp\/v2\/media?parent=39"}],"curies":[{"name":"wp","href":"https:\/\/api.w.org\/{rel}","templated":true}]}}